{"id":43221,"date":"2025-09-29T16:40:55","date_gmt":"2025-09-29T16:40:55","guid":{"rendered":"https:\/\/prototipo.chilehockey.cl\/?page_id=43221"},"modified":"2026-01-29T18:47:33","modified_gmt":"2026-01-29T18:47:33","slug":"nuestra-historia","status":"publish","type":"page","link":"https:\/\/chilehockey.cl\/index.php\/nuestra-historia\/","title":{"rendered":"Nuestra Historia"},"content":{"rendered":"\t\t<div data-elementor-type=\"wp-page\" data-elementor-id=\"43221\" class=\"elementor elementor-43221\" data-elementor-post-type=\"page\">\n\t\t\t\t<div class=\"elementor-element elementor-element-048bf42 e-con-full e-flex e-con e-parent\" data-id=\"048bf42\" data-element_type=\"container\">\n\t\t\t\t<div class=\"elementor-element elementor-element-7d3a2d8 elementor-widget elementor-widget-image-carousel\" data-id=\"7d3a2d8\" data-element_type=\"widget\" data-settings=\"{&quot;slides_to_show&quot;:&quot;8&quot;,&quot;navigation&quot;:&quot;none&quot;,&quot;lazyload&quot;:&quot;yes&quot;,&quot;speed&quot;:2000,&quot;image_spacing_custom&quot;:{&quot;unit&quot;:&quot;px&quot;,&quot;size&quot;:100,&quot;sizes&quot;:[]},&quot;autoplay_speed&quot;:2000,&quot;slides_to_scroll&quot;:&quot;1&quot;,&quot;autoplay&quot;:&quot;yes&quot;,&quot;pause_on_hover&quot;:&quot;yes&quot;,&quot;pause_on_interaction&quot;:&quot;yes&quot;,&quot;infinite&quot;:&quot;yes&quot;,&quot;image_spacing_custom_tablet&quot;:{&quot;unit&quot;:&quot;px&quot;,&quot;size&quot;:&quot;&quot;,&quot;sizes&quot;:[]},&quot;image_spacing_custom_mobile&quot;:{&quot;unit&quot;:&quot;px&quot;,&quot;size&quot;:&quot;&quot;,&quot;sizes&quot;:[]}}\" data-widget_type=\"image-carousel.default\">\n\t\t\t\t\t\t\t<div class=\"elementor-image-carousel-wrapper swiper\" role=\"region\" aria-roledescription=\"carousel\" aria-label=\"Carrusel de im\u00e1genes\" dir=\"ltr\">\n\t\t\t<div class=\"elementor-image-carousel swiper-wrapper swiper-image-stretch\" aria-live=\"off\">\n\t\t\t\t\t\t\t\t<div class=\"swiper-slide\" role=\"group\" aria-roledescription=\"slide\" aria-label=\"1 de 7\"><figure class=\"swiper-slide-inner\"><img class=\"swiper-slide-image swiper-lazy\" data-src=\"https:\/\/chilehockey.cl\/wp-content\/uploads\/2025\/08\/PAX-Assistance.png\" alt=\"PAX Assistance\" \/><div class=\"swiper-lazy-preloader\"><\/div><\/figure><\/div><div class=\"swiper-slide\" role=\"group\" aria-roledescription=\"slide\" aria-label=\"2 de 7\"><figure class=\"swiper-slide-inner\"><img class=\"swiper-slide-image swiper-lazy\" data-src=\"https:\/\/chilehockey.cl\/wp-content\/uploads\/2025\/08\/Fikagear.png\" alt=\"Fikagear\" \/><div class=\"swiper-lazy-preloader\"><\/div><\/figure><\/div><div class=\"swiper-slide\" role=\"group\" aria-roledescription=\"slide\" aria-label=\"3 de 7\"><figure class=\"swiper-slide-inner\"><img class=\"swiper-slide-image swiper-lazy\" data-src=\"https:\/\/chilehockey.cl\/wp-content\/uploads\/2025\/08\/Fever.png\" alt=\"Fever\" \/><div class=\"swiper-lazy-preloader\"><\/div><\/figure><\/div><div class=\"swiper-slide\" role=\"group\" aria-roledescription=\"slide\" aria-label=\"4 de 7\"><figure class=\"swiper-slide-inner\"><img class=\"swiper-slide-image swiper-lazy\" data-src=\"https:\/\/chilehockey.cl\/wp-content\/uploads\/2025\/08\/KinderSonrisa.png\" alt=\"KinderSonrisa\" \/><div class=\"swiper-lazy-preloader\"><\/div><\/figure><\/div><div class=\"swiper-slide\" role=\"group\" aria-roledescription=\"slide\" aria-label=\"5 de 7\"><figure class=\"swiper-slide-inner\"><img class=\"swiper-slide-image swiper-lazy\" data-src=\"https:\/\/chilehockey.cl\/wp-content\/uploads\/2025\/08\/ClinicaMeds.png\" alt=\"ClinicaMeds\" \/><div class=\"swiper-lazy-preloader\"><\/div><\/figure><\/div><div class=\"swiper-slide\" role=\"group\" aria-roledescription=\"slide\" aria-label=\"6 de 7\"><figure class=\"swiper-slide-inner\"><img class=\"swiper-slide-image swiper-lazy\" data-src=\"https:\/\/chilehockey.cl\/wp-content\/uploads\/2025\/08\/UnderArmour.png\" alt=\"UnderArmour\" \/><div class=\"swiper-lazy-preloader\"><\/div><\/figure><\/div><div class=\"swiper-slide\" role=\"group\" aria-roledescription=\"slide\" aria-label=\"7 de 7\"><figure class=\"swiper-slide-inner\"><img class=\"swiper-slide-image swiper-lazy\" data-src=\"https:\/\/chilehockey.cl\/wp-content\/uploads\/2025\/08\/Gatorade1.png\" alt=\"Gatorade\" \/><div class=\"swiper-lazy-preloader\"><\/div><\/figure><\/div>\t\t\t<\/div>\n\t\t\t\t\t\t\t\n\t\t\t\t\t\t\t\t\t<\/div>\n\t\t\t\t\t\t<\/div>\n\t\t\t\t<\/div>\n\t\t<div class=\"elementor-element elementor-element-3a9db38e e-con-full e-flex e-con e-parent\" data-id=\"3a9db38e\" data-element_type=\"container\" data-settings=\"{&quot;background_background&quot;:&quot;classic&quot;}\">\n\t\t<div class=\"elementor-element elementor-element-4655b0fc e-con-full e-flex e-con e-child\" data-id=\"4655b0fc\" data-element_type=\"container\">\n\t\t\t\t<div class=\"elementor-element elementor-element-17f9a639 elementor-widget__width-inherit elementor-widget-divider--view-line elementor-invisible elementor-widget elementor-widget-divider\" data-id=\"17f9a639\" data-element_type=\"widget\" data-settings=\"{&quot;_animation&quot;:&quot;fadeInLeft&quot;}\" data-widget_type=\"divider.default\">\n\t\t\t\t\t\t\t<div class=\"elementor-divider\">\n\t\t\t<span class=\"elementor-divider-separator\">\n\t\t\t\t\t\t<\/span>\n\t\t<\/div>\n\t\t\t\t\t\t<\/div>\n\t\t\t\t<div class=\"elementor-element elementor-element-3796487c elementor-widget__width-initial elementor-widget-tablet__width-inherit elementor-widget elementor-widget-heading\" data-id=\"3796487c\" data-element_type=\"widget\" data-widget_type=\"heading.default\">\n\t\t\t\t\t<h2 class=\"elementor-heading-title elementor-size-default\">El hockey es un deporte de gran tradici\u00f3n en nuestro pa\u00eds.<\/h2>\t\t\t\t<\/div>\n\t\t\t\t<div class=\"elementor-element elementor-element-2e65f90a elementor-widget__width-initial elementor-widget-tablet__width-inherit elementor-widget elementor-widget-text-editor\" data-id=\"2e65f90a\" data-element_type=\"widget\" data-widget_type=\"text-editor.default\">\n\t\t\t\t\t\t\t\t\t<p data-start=\"200\" data-end=\"489\">Muchas personas lo han practicado por a\u00f1os, y varias familias han formado parte de este deporte por generaciones. Gracias a ellas hemos recibido registros hist\u00f3ricos que permiten reconstruir la historia del hockey chileno.<\/p><blockquote data-start=\"615\" data-end=\"934\"><p data-start=\"617\" data-end=\"934\"><em>\u201cUna de las actividades m\u00e1s importantes era el partido de 6\u00ba humanidades contra las profesoras del Colegio Brit\u00e1nico St. Margaret\u2019s, en 1962.<\/em><br data-start=\"758\" data-end=\"761\" \/><em>Nosotras, disfrazadas de se\u00f1oras de tercera edad, jugamos y ganamos.<\/em><br data-start=\"831\" data-end=\"834\" \/><em>A\u00fan practico este maravilloso deporte, jugando en el equipo senior del St. Margaret\u2019s Sport Club.\u201d<\/em><\/p><\/blockquote>\t\t\t\t\t\t\t\t<\/div>\n\t\t\t\t<\/div>\n\t\t\t\t<\/div>\n\t\t<div class=\"elementor-element elementor-element-31040a5 e-con-full e-flex e-con e-parent\" data-id=\"31040a5\" data-element_type=\"container\">\n\t\t\t\t<div class=\"elementor-element elementor-element-0631473 elementor-widget elementor-widget-image-gallery\" data-id=\"0631473\" data-element_type=\"widget\" data-widget_type=\"image-gallery.default\">\n\t\t\t\t\t\t\t<div class=\"elementor-image-gallery\">\n\t\t\t<div id='gallery-1' class='gallery galleryid-43221 gallery-columns-3 gallery-size-thumbnail'><figure class='gallery-item'>\n\t\t\t<div class='gallery-icon landscape'>\n\t\t\t\t<a data-elementor-open-lightbox=\"no\" href='https:\/\/chilehockey.cl\/wp-content\/uploads\/2025\/09\/Colegio-Britanico-St.Margarets-ano-1962.jpg'><img decoding=\"async\" width=\"150\" height=\"150\" src=\"https:\/\/chilehockey.cl\/wp-content\/uploads\/2025\/09\/Colegio-Britanico-St.Margarets-ano-1962-150x150.jpg\" class=\"attachment-thumbnail size-thumbnail\" alt=\"\" aria-describedby=\"gallery-1-43234\" \/><\/a>\n\t\t\t<\/div>\n\t\t\t\t<figcaption class='wp-caption-text gallery-caption' id='gallery-1-43234'>\n\t\t\t\tColegio Brit\u00e1nico St.Margaret\u2019s, a\u00f1o 1962\n\t\t\t\t<\/figcaption><\/figure><figure class='gallery-item'>\n\t\t\t<div class='gallery-icon landscape'>\n\t\t\t\t<a data-elementor-open-lightbox=\"no\" href='https:\/\/chilehockey.cl\/wp-content\/uploads\/2025\/09\/Fotografia-tomada-en-los-jardines-del-Sporting-Club-actual-Hipodromo-de-la-ciudad-Jardin.jpg'><img decoding=\"async\" width=\"150\" height=\"150\" src=\"https:\/\/chilehockey.cl\/wp-content\/uploads\/2025\/09\/Fotografia-tomada-en-los-jardines-del-Sporting-Club-actual-Hipodromo-de-la-ciudad-Jardin-150x150.jpg\" class=\"attachment-thumbnail size-thumbnail\" alt=\"\" aria-describedby=\"gallery-1-43235\" \/><\/a>\n\t\t\t<\/div>\n\t\t\t\t<figcaption class='wp-caption-text gallery-caption' id='gallery-1-43235'>\n\t\t\t\tFotograf\u00eda tomada en los jardines del Sporting Club actual Hipodromo de la ciudad Jard\u00edn. 1928\n\t\t\t\t<\/figcaption><\/figure><figure class='gallery-item'>\n\t\t\t<div class='gallery-icon landscape'>\n\t\t\t\t<a data-elementor-open-lightbox=\"no\" href='https:\/\/chilehockey.cl\/wp-content\/uploads\/2025\/09\/Mi-bisabuelo-Sr.-Herbert-Zirpel-Roig-compitiendo-en-los-juegos-olimpicos-de-Berlin-1936.png'><img decoding=\"async\" width=\"150\" height=\"150\" src=\"https:\/\/chilehockey.cl\/wp-content\/uploads\/2025\/09\/Mi-bisabuelo-Sr.-Herbert-Zirpel-Roig-compitiendo-en-los-juegos-olimpicos-de-Berlin-1936-150x150.png\" class=\"attachment-thumbnail size-thumbnail\" alt=\"\" aria-describedby=\"gallery-1-43236\" srcset=\"https:\/\/chilehockey.cl\/wp-content\/uploads\/2025\/09\/Mi-bisabuelo-Sr.-Herbert-Zirpel-Roig-compitiendo-en-los-juegos-olimpicos-de-Berlin-1936-150x150.png 150w, https:\/\/chilehockey.cl\/wp-content\/uploads\/2025\/09\/Mi-bisabuelo-Sr.-Herbert-Zirpel-Roig-compitiendo-en-los-juegos-olimpicos-de-Berlin-1936-300x300.png 300w, https:\/\/chilehockey.cl\/wp-content\/uploads\/2025\/09\/Mi-bisabuelo-Sr.-Herbert-Zirpel-Roig-compitiendo-en-los-juegos-olimpicos-de-Berlin-1936.png 640w\" sizes=\"(max-width: 150px) 100vw, 150px\" \/><\/a>\n\t\t\t<\/div>\n\t\t\t\t<figcaption class='wp-caption-text gallery-caption' id='gallery-1-43236'>\n\t\t\t\tSr. Herbert Zirpel Roig, compitiendo en los juegos ol\u00edmpicos de Berl\u00edn 1936.\n\t\t\t\t<\/figcaption><\/figure><figure class='gallery-item'>\n\t\t\t<div class='gallery-icon landscape'>\n\t\t\t\t<a data-elementor-open-lightbox=\"no\" href='https:\/\/chilehockey.cl\/wp-content\/uploads\/2025\/09\/Seven-a-Side-en-Manquehue-6-diciembre-1998.-Equipo-PWCC.jpg'><img loading=\"lazy\" decoding=\"async\" width=\"150\" height=\"150\" src=\"https:\/\/chilehockey.cl\/wp-content\/uploads\/2025\/09\/Seven-a-Side-en-Manquehue-6-diciembre-1998.-Equipo-PWCC-150x150.jpg\" class=\"attachment-thumbnail size-thumbnail\" alt=\"\" aria-describedby=\"gallery-1-43237\" \/><\/a>\n\t\t\t<\/div>\n\t\t\t\t<figcaption class='wp-caption-text gallery-caption' id='gallery-1-43237'>\n\t\t\t\t  Seven a Side en Manquehue, 6 diciembre 1998. Equipo PWCC \u201cPost parto\n\t\t\t\t<\/figcaption><\/figure><figure class='gallery-item'>\n\t\t\t<div class='gallery-icon landscape'>\n\t\t\t\t<a data-elementor-open-lightbox=\"no\" href='https:\/\/chilehockey.cl\/wp-content\/uploads\/2025\/09\/Premiacion-Torneo-Nacional-1998-Santa-Rosa-de-Las-Condes.jpg'><img loading=\"lazy\" decoding=\"async\" width=\"150\" height=\"150\" src=\"https:\/\/chilehockey.cl\/wp-content\/uploads\/2025\/09\/Premiacion-Torneo-Nacional-1998-Santa-Rosa-de-Las-Condes-150x150.jpg\" class=\"attachment-thumbnail size-thumbnail\" alt=\"\" aria-describedby=\"gallery-1-43238\" \/><\/a>\n\t\t\t<\/div>\n\t\t\t\t<figcaption class='wp-caption-text gallery-caption' id='gallery-1-43238'>\n\t\t\t\tPremiaci\u00f3n Torneo Nacional 1998, Santa Rosa de Las Condes. Primer lugar I Divisi\u00f3n: UC \u201cA\u201d.\n\t\t\t\t<\/figcaption><\/figure><figure class='gallery-item'>\n\t\t\t<div class='gallery-icon landscape'>\n\t\t\t\t<a data-elementor-open-lightbox=\"no\" href='https:\/\/chilehockey.cl\/wp-content\/uploads\/2025\/09\/Campeonato-Apertura-4-y-5-abril-1997-en-cancha-de-pasto-Country-Club.-UC-vs-Sport-Frances.jpg'><img loading=\"lazy\" decoding=\"async\" width=\"150\" height=\"150\" src=\"https:\/\/chilehockey.cl\/wp-content\/uploads\/2025\/09\/Campeonato-Apertura-4-y-5-abril-1997-en-cancha-de-pasto-Country-Club.-UC-vs-Sport-Frances-150x150.jpg\" class=\"attachment-thumbnail size-thumbnail\" alt=\"\" aria-describedby=\"gallery-1-43239\" \/><\/a>\n\t\t\t<\/div>\n\t\t\t\t<figcaption class='wp-caption-text gallery-caption' id='gallery-1-43239'>\n\t\t\t\tCampeonato Apertura, 4 y 5 abril 1997 en cancha de pasto Country Club. UC vs Sport Franc\u00e9s\n\t\t\t\t<\/figcaption><\/figure>\n\t\t<\/div>\n\t\t<\/div>\n\t\t\t\t\t\t<\/div>\n\t\t\t\t<\/div>\n\t\t\t\t<\/div>\n\t\t","protected":false},"excerpt":{"rendered":"<p>El hockey es un deporte de gran tradici\u00f3n en nuestro pa\u00eds. Muchas personas lo han practicado por a\u00f1os, y varias familias han formado parte de este deporte por generaciones. Gracias a ellas hemos recibido registros hist\u00f3ricos que permiten reconstruir la historia del hockey chileno. \u201cUna de las actividades m\u00e1s importantes era el partido de 6\u00ba [&hellip;]<\/p>\n","protected":false},"author":1,"featured_media":0,"parent":0,"menu_order":0,"comment_status":"closed","ping_status":"closed","template":"","meta":{"footnotes":""},"class_list":["post-43221","page","type-page","status-publish","hentry"],"_links":{"self":[{"href":"https:\/\/chilehockey.cl\/index.php\/wp-json\/wp\/v2\/pages\/43221","targetHints":{"allow":["GET"]}}],"collection":[{"href":"https:\/\/chilehockey.cl\/index.php\/wp-json\/wp\/v2\/pages"}],"about":[{"href":"https:\/\/chilehockey.cl\/index.php\/wp-json\/wp\/v2\/types\/page"}],"author":[{"embeddable":true,"href":"https:\/\/chilehockey.cl\/index.php\/wp-json\/wp\/v2\/users\/1"}],"replies":[{"embeddable":true,"href":"https:\/\/chilehockey.cl\/index.php\/wp-json\/wp\/v2\/comments?post=43221"}],"version-history":[{"count":13,"href":"https:\/\/chilehockey.cl\/index.php\/wp-json\/wp\/v2\/pages\/43221\/revisions"}],"predecessor-version":[{"id":45108,"href":"https:\/\/chilehockey.cl\/index.php\/wp-json\/wp\/v2\/pages\/43221\/revisions\/45108"}],"wp:attachment":[{"href":"https:\/\/chilehockey.cl\/index.php\/wp-json\/wp\/v2\/media?parent=43221"}],"curies":[{"name":"wp","href":"https:\/\/api.w.org\/{rel}","templated":true}]}}