{"id":43223,"date":"2025-09-29T16:41:08","date_gmt":"2025-09-29T16:41:08","guid":{"rendered":"https:\/\/prototipo.chilehockey.cl\/?page_id=43223"},"modified":"2026-01-29T18:47:51","modified_gmt":"2026-01-29T18:47:51","slug":"nuestra-federacion","status":"publish","type":"page","link":"https:\/\/chilehockey.cl\/index.php\/nuestra-federacion\/","title":{"rendered":"Nuestra Federaci\u00f3n"},"content":{"rendered":"\t\t<div data-elementor-type=\"wp-page\" data-elementor-id=\"43223\" class=\"elementor elementor-43223\" data-elementor-post-type=\"page\">\n\t\t\t\t<div class=\"elementor-element elementor-element-328623c e-con-full e-flex e-con e-parent\" data-id=\"328623c\" data-element_type=\"container\">\n\t\t\t\t<div class=\"elementor-element elementor-element-e46a272 elementor-widget elementor-widget-image-carousel\" data-id=\"e46a272\" data-element_type=\"widget\" data-settings=\"{&quot;slides_to_show&quot;:&quot;8&quot;,&quot;navigation&quot;:&quot;none&quot;,&quot;lazyload&quot;:&quot;yes&quot;,&quot;speed&quot;:2000,&quot;image_spacing_custom&quot;:{&quot;unit&quot;:&quot;px&quot;,&quot;size&quot;:100,&quot;sizes&quot;:[]},&quot;autoplay_speed&quot;:2000,&quot;slides_to_scroll&quot;:&quot;1&quot;,&quot;autoplay&quot;:&quot;yes&quot;,&quot;pause_on_hover&quot;:&quot;yes&quot;,&quot;pause_on_interaction&quot;:&quot;yes&quot;,&quot;infinite&quot;:&quot;yes&quot;,&quot;image_spacing_custom_tablet&quot;:{&quot;unit&quot;:&quot;px&quot;,&quot;size&quot;:&quot;&quot;,&quot;sizes&quot;:[]},&quot;image_spacing_custom_mobile&quot;:{&quot;unit&quot;:&quot;px&quot;,&quot;size&quot;:&quot;&quot;,&quot;sizes&quot;:[]}}\" data-widget_type=\"image-carousel.default\">\n\t\t\t\t\t\t\t<div class=\"elementor-image-carousel-wrapper swiper\" role=\"region\" aria-roledescription=\"carousel\" aria-label=\"Carrusel de im\u00e1genes\" dir=\"ltr\">\n\t\t\t<div class=\"elementor-image-carousel swiper-wrapper swiper-image-stretch\" aria-live=\"off\">\n\t\t\t\t\t\t\t\t<div class=\"swiper-slide\" role=\"group\" aria-roledescription=\"slide\" aria-label=\"1 de 7\"><figure class=\"swiper-slide-inner\"><img class=\"swiper-slide-image swiper-lazy\" data-src=\"https:\/\/chilehockey.cl\/wp-content\/uploads\/2025\/08\/PAX-Assistance.png\" alt=\"PAX Assistance\" \/><div class=\"swiper-lazy-preloader\"><\/div><\/figure><\/div><div class=\"swiper-slide\" role=\"group\" aria-roledescription=\"slide\" aria-label=\"2 de 7\"><figure class=\"swiper-slide-inner\"><img class=\"swiper-slide-image swiper-lazy\" data-src=\"https:\/\/chilehockey.cl\/wp-content\/uploads\/2025\/08\/Fikagear.png\" alt=\"Fikagear\" \/><div class=\"swiper-lazy-preloader\"><\/div><\/figure><\/div><div class=\"swiper-slide\" role=\"group\" aria-roledescription=\"slide\" aria-label=\"3 de 7\"><figure class=\"swiper-slide-inner\"><img class=\"swiper-slide-image swiper-lazy\" data-src=\"https:\/\/chilehockey.cl\/wp-content\/uploads\/2025\/08\/Fever.png\" alt=\"Fever\" \/><div class=\"swiper-lazy-preloader\"><\/div><\/figure><\/div><div class=\"swiper-slide\" role=\"group\" aria-roledescription=\"slide\" aria-label=\"4 de 7\"><figure class=\"swiper-slide-inner\"><img class=\"swiper-slide-image swiper-lazy\" data-src=\"https:\/\/chilehockey.cl\/wp-content\/uploads\/2025\/08\/KinderSonrisa.png\" alt=\"KinderSonrisa\" \/><div class=\"swiper-lazy-preloader\"><\/div><\/figure><\/div><div class=\"swiper-slide\" role=\"group\" aria-roledescription=\"slide\" aria-label=\"5 de 7\"><figure class=\"swiper-slide-inner\"><img class=\"swiper-slide-image swiper-lazy\" data-src=\"https:\/\/chilehockey.cl\/wp-content\/uploads\/2025\/08\/ClinicaMeds.png\" alt=\"ClinicaMeds\" \/><div class=\"swiper-lazy-preloader\"><\/div><\/figure><\/div><div class=\"swiper-slide\" role=\"group\" aria-roledescription=\"slide\" aria-label=\"6 de 7\"><figure class=\"swiper-slide-inner\"><img class=\"swiper-slide-image swiper-lazy\" data-src=\"https:\/\/chilehockey.cl\/wp-content\/uploads\/2025\/08\/UnderArmour.png\" alt=\"UnderArmour\" \/><div class=\"swiper-lazy-preloader\"><\/div><\/figure><\/div><div class=\"swiper-slide\" role=\"group\" aria-roledescription=\"slide\" aria-label=\"7 de 7\"><figure class=\"swiper-slide-inner\"><img class=\"swiper-slide-image swiper-lazy\" data-src=\"https:\/\/chilehockey.cl\/wp-content\/uploads\/2025\/08\/Gatorade1.png\" alt=\"Gatorade\" \/><div class=\"swiper-lazy-preloader\"><\/div><\/figure><\/div>\t\t\t<\/div>\n\t\t\t\t\t\t\t\n\t\t\t\t\t\t\t\t\t<\/div>\n\t\t\t\t\t\t<\/div>\n\t\t\t\t<\/div>\n\t\t<div class=\"elementor-element elementor-element-714b93d4 e-con-full e-flex e-con e-parent\" data-id=\"714b93d4\" data-element_type=\"container\" data-settings=\"{&quot;background_background&quot;:&quot;classic&quot;}\">\n\t\t<div class=\"elementor-element elementor-element-3dd68a74 e-flex e-con-boxed e-con e-child\" data-id=\"3dd68a74\" data-element_type=\"container\">\n\t\t\t\t\t<div class=\"e-con-inner\">\n\t\t<div class=\"elementor-element elementor-element-1b2b7653 e-con-full e-flex e-con e-child\" data-id=\"1b2b7653\" data-element_type=\"container\">\n\t\t\t\t<div class=\"elementor-element elementor-element-5b0faa79 elementor-widget__width-initial elementor-widget elementor-widget-heading\" data-id=\"5b0faa79\" data-element_type=\"widget\" data-widget_type=\"heading.default\">\n\t\t\t\t\t<h2 class=\"elementor-heading-title elementor-size-default\">Federaci\u00f3n<\/h2>\t\t\t\t<\/div>\n\t\t\t\t<div class=\"elementor-element elementor-element-20bb895 elementor-widget elementor-widget-text-editor\" data-id=\"20bb895\" data-element_type=\"widget\" data-widget_type=\"text-editor.default\">\n\t\t\t\t\t\t\t\t\t<p>Queridos amigos del Hockey sobre C\u00e9sped en Chile<\/p><p>Es un honor para m\u00ed dirigirme a todos ustedes como Presidente de la Federaci\u00f3n Chilena de Hockey sobre C\u00e9sped. El Hockey sobre C\u00e9sped es un deporte que nos une y nos emociona, y estoy seguro que juntos podemos seguir fortaleciendo esta gran pasi\u00f3n.<\/p><p>Desde la Federaci\u00f3n, estamos comprometidos con el desarrollo y la promoci\u00f3n del Hockey sobre C\u00e9sped en nuestro pa\u00eds, y trabajamos constantemente para mejorar y ampliar nuestras actividades y torneos.\u00a0 \u00a0Adem\u00e1s, estamos enfocados en fomentar valores como la disciplina, el respeto y el trabajo en equipo, que son fundamentales para el \u00e9xito en el deporte y en la vida.<\/p><p>Por eso, quiero invitarlos a todos a seguir apoyando y participando en el Hockey sobre C\u00e9sped en Chile, y a sumarse a nuestro esfuerzo por llevar este deporte cada vez m\u00e1s lejos.<\/p><p>Juntos podemos lograr grandes cosas y estoy seguro que el futuro del Hockey sobre C\u00e9sped en nuestro pa\u00eds ser\u00e1 brillante.<\/p><p>\u00a1Un saludo afectuoso a todos!<\/p>\t\t\t\t\t\t\t\t<\/div>\n\t\t\t\t<\/div>\n\t\t\t\t<div class=\"elementor-element elementor-element-101162f1 elementor-widget__width-initial elementor-widget-mobile__width-inherit elementor-widget elementor-widget-image\" data-id=\"101162f1\" data-element_type=\"widget\" data-widget_type=\"image.default\">\n\t\t\t\t\t\t\t\t\t\t\t\t<figure class=\"wp-caption\">\n\t\t\t\t\t\t\t\t\t\t<img fetchpriority=\"high\" decoding=\"async\" width=\"800\" height=\"534\" src=\"https:\/\/chilehockey.cl\/wp-content\/uploads\/2025\/09\/Andres-de-Witt-Hepp-1024x683.jpg\" class=\"attachment-large size-large wp-image-43244\" alt=\"\" srcset=\"https:\/\/chilehockey.cl\/wp-content\/uploads\/2025\/09\/Andres-de-Witt-Hepp-1024x683.jpg 1024w, https:\/\/chilehockey.cl\/wp-content\/uploads\/2025\/09\/Andres-de-Witt-Hepp-300x200.jpg 300w, https:\/\/chilehockey.cl\/wp-content\/uploads\/2025\/09\/Andres-de-Witt-Hepp-768x512.jpg 768w, https:\/\/chilehockey.cl\/wp-content\/uploads\/2025\/09\/Andres-de-Witt-Hepp.jpg 1122w\" sizes=\"(max-width: 800px) 100vw, 800px\" \/>\t\t\t\t\t\t\t\t\t\t\t<figcaption class=\"widget-image-caption wp-caption-text\">Andr\u00e9s de Witt Hepp<\/figcaption>\n\t\t\t\t\t\t\t\t\t\t<\/figure>\n\t\t\t\t\t\t\t\t\t<\/div>\n\t\t\t\t\t<\/div>\n\t\t\t\t<\/div>\n\t\t<div class=\"elementor-element elementor-element-4b798fae e-flex e-con-boxed e-con e-child\" data-id=\"4b798fae\" data-element_type=\"container\" data-settings=\"{&quot;background_background&quot;:&quot;classic&quot;}\">\n\t\t\t\t\t<div class=\"e-con-inner\">\n\t\t<div class=\"elementor-element elementor-element-76225ff4 e-con-full e-flex e-con e-child\" data-id=\"76225ff4\" data-element_type=\"container\">\n\t\t\t\t<div class=\"elementor-element elementor-element-1205682c animated-slow elementor-widget-divider--view-line elementor-invisible elementor-widget elementor-widget-divider\" data-id=\"1205682c\" data-element_type=\"widget\" data-settings=\"{&quot;_animation&quot;:&quot;fadeIn&quot;,&quot;_animation_delay&quot;:&quot;200&quot;}\" data-widget_type=\"divider.default\">\n\t\t\t\t\t\t\t<div class=\"elementor-divider\">\n\t\t\t<span class=\"elementor-divider-separator\">\n\t\t\t\t\t\t<\/span>\n\t\t<\/div>\n\t\t\t\t\t\t<\/div>\n\t\t\t\t<div class=\"elementor-element elementor-element-38bdceac elementor-invisible elementor-widget elementor-widget-icon-box\" data-id=\"38bdceac\" data-element_type=\"widget\" data-settings=\"{&quot;_animation&quot;:&quot;fadeInUp&quot;,&quot;_animation_delay&quot;:&quot;200&quot;}\" data-widget_type=\"icon-box.default\">\n\t\t\t\t\t\t\t<div class=\"elementor-icon-box-wrapper\">\n\n\t\t\t\n\t\t\t\t\t\t<div class=\"elementor-icon-box-content\">\n\n\t\t\t\t\t\t\t\t\t<h3 class=\"elementor-icon-box-title\">\n\t\t\t\t\t\t<span  >\n\t\t\t\t\t\t\tNuestra Visi\u00f3n\t\t\t\t\t\t<\/span>\n\t\t\t\t\t<\/h3>\n\t\t\t\t\n\t\t\t\t\t\t\t\t\t<p class=\"elementor-icon-box-description\">\n\t\t\t\t\t\tAumentar la masa critica de nuestro deportes para ser reconocido como un deporte colectivo importante a nive nacional y accesible para todos. Lograr situar al Hockey C\u00e9sped en lo mas alto del concierto nacional disputando JJOO y Mundiales.\t\t\t\t\t<\/p>\n\t\t\t\t\n\t\t\t<\/div>\n\t\t\t\n\t\t<\/div>\n\t\t\t\t\t\t<\/div>\n\t\t\t\t<\/div>\n\t\t<div class=\"elementor-element elementor-element-508ce8c9 e-con-full e-flex e-con e-child\" data-id=\"508ce8c9\" data-element_type=\"container\">\n\t\t\t\t<div class=\"elementor-element elementor-element-1684718e animated-slow elementor-widget-divider--view-line elementor-invisible elementor-widget elementor-widget-divider\" data-id=\"1684718e\" data-element_type=\"widget\" data-settings=\"{&quot;_animation&quot;:&quot;fadeIn&quot;,&quot;_animation_delay&quot;:&quot;200&quot;}\" data-widget_type=\"divider.default\">\n\t\t\t\t\t\t\t<div class=\"elementor-divider\">\n\t\t\t<span class=\"elementor-divider-separator\">\n\t\t\t\t\t\t<\/span>\n\t\t<\/div>\n\t\t\t\t\t\t<\/div>\n\t\t\t\t<div class=\"elementor-element elementor-element-636206e2 elementor-invisible elementor-widget elementor-widget-icon-box\" data-id=\"636206e2\" data-element_type=\"widget\" data-settings=\"{&quot;_animation&quot;:&quot;fadeInUp&quot;,&quot;_animation_delay&quot;:&quot;200&quot;}\" data-widget_type=\"icon-box.default\">\n\t\t\t\t\t\t\t<div class=\"elementor-icon-box-wrapper\">\n\n\t\t\t\n\t\t\t\t\t\t<div class=\"elementor-icon-box-content\">\n\n\t\t\t\t\t\t\t\t\t<h3 class=\"elementor-icon-box-title\">\n\t\t\t\t\t\t<span  >\n\t\t\t\t\t\t\tNuestros Valores\t\t\t\t\t\t<\/span>\n\t\t\t\t\t<\/h3>\n\t\t\t\t\n\t\t\t\t\t\t\t\t\t<p class=\"elementor-icon-box-description\">\n\t\t\t\t\t\tResponsabilidad, pasi\u00f3n, amor por el deporte, organizaci\u00f3n, compromiso.\t\t\t\t\t<\/p>\n\t\t\t\t\n\t\t\t<\/div>\n\t\t\t\n\t\t<\/div>\n\t\t\t\t\t\t<\/div>\n\t\t\t\t<\/div>\n\t\t\t\t\t<\/div>\n\t\t\t\t<\/div>\n\t\t\t\t<\/div>\n\t\t\t\t<\/div>\n\t\t","protected":false},"excerpt":{"rendered":"<p>Federaci\u00f3n Queridos amigos del Hockey sobre C\u00e9sped en Chile Es un honor para m\u00ed dirigirme a todos ustedes como Presidente de la Federaci\u00f3n Chilena de Hockey sobre C\u00e9sped. El Hockey sobre C\u00e9sped es un deporte que nos une y nos emociona, y estoy seguro que juntos podemos seguir fortaleciendo esta gran pasi\u00f3n. Desde la Federaci\u00f3n, [&hellip;]<\/p>\n","protected":false},"author":1,"featured_media":0,"parent":0,"menu_order":0,"comment_status":"closed","ping_status":"closed","template":"","meta":{"footnotes":""},"class_list":["post-43223","page","type-page","status-publish","hentry"],"_links":{"self":[{"href":"https:\/\/chilehockey.cl\/index.php\/wp-json\/wp\/v2\/pages\/43223","targetHints":{"allow":["GET"]}}],"collection":[{"href":"https:\/\/chilehockey.cl\/index.php\/wp-json\/wp\/v2\/pages"}],"about":[{"href":"https:\/\/chilehockey.cl\/index.php\/wp-json\/wp\/v2\/types\/page"}],"author":[{"embeddable":true,"href":"https:\/\/chilehockey.cl\/index.php\/wp-json\/wp\/v2\/users\/1"}],"replies":[{"embeddable":true,"href":"https:\/\/chilehockey.cl\/index.php\/wp-json\/wp\/v2\/comments?post=43223"}],"version-history":[{"count":10,"href":"https:\/\/chilehockey.cl\/index.php\/wp-json\/wp\/v2\/pages\/43223\/revisions"}],"predecessor-version":[{"id":45111,"href":"https:\/\/chilehockey.cl\/index.php\/wp-json\/wp\/v2\/pages\/43223\/revisions\/45111"}],"wp:attachment":[{"href":"https:\/\/chilehockey.cl\/index.php\/wp-json\/wp\/v2\/media?parent=43223"}],"curies":[{"name":"wp","href":"https:\/\/api.w.org\/{rel}","templated":true}]}}