{"id":43293,"date":"2025-09-29T17:42:48","date_gmt":"2025-09-29T17:42:48","guid":{"rendered":"https:\/\/prototipo.chilehockey.cl\/?page_id=43293"},"modified":"2026-01-29T18:49:25","modified_gmt":"2026-01-29T18:49:25","slug":"protocolos-de-nominacion","status":"publish","type":"page","link":"https:\/\/chilehockey.cl\/index.php\/protocolos-de-nominacion\/","title":{"rendered":"Protocolos de Nominaci\u00f3n"},"content":{"rendered":"\t\t<div data-elementor-type=\"wp-page\" data-elementor-id=\"43293\" class=\"elementor elementor-43293\" data-elementor-post-type=\"page\">\n\t\t\t\t<div class=\"elementor-element elementor-element-50cd708 e-con-full e-flex e-con e-parent\" data-id=\"50cd708\" data-element_type=\"container\" data-settings=\"{&quot;background_background&quot;:&quot;classic&quot;}\">\n\t\t\t\t<div class=\"elementor-element elementor-element-999bdb6 elementor-widget elementor-widget-image-carousel\" data-id=\"999bdb6\" data-element_type=\"widget\" data-settings=\"{&quot;slides_to_show&quot;:&quot;8&quot;,&quot;navigation&quot;:&quot;none&quot;,&quot;lazyload&quot;:&quot;yes&quot;,&quot;speed&quot;:2000,&quot;image_spacing_custom&quot;:{&quot;unit&quot;:&quot;px&quot;,&quot;size&quot;:100,&quot;sizes&quot;:[]},&quot;autoplay_speed&quot;:2000,&quot;slides_to_scroll&quot;:&quot;1&quot;,&quot;autoplay&quot;:&quot;yes&quot;,&quot;pause_on_hover&quot;:&quot;yes&quot;,&quot;pause_on_interaction&quot;:&quot;yes&quot;,&quot;infinite&quot;:&quot;yes&quot;,&quot;image_spacing_custom_tablet&quot;:{&quot;unit&quot;:&quot;px&quot;,&quot;size&quot;:&quot;&quot;,&quot;sizes&quot;:[]},&quot;image_spacing_custom_mobile&quot;:{&quot;unit&quot;:&quot;px&quot;,&quot;size&quot;:&quot;&quot;,&quot;sizes&quot;:[]}}\" data-widget_type=\"image-carousel.default\">\n\t\t\t\t\t\t\t<div class=\"elementor-image-carousel-wrapper swiper\" role=\"region\" aria-roledescription=\"carousel\" aria-label=\"Carrusel de im\u00e1genes\" dir=\"ltr\">\n\t\t\t<div class=\"elementor-image-carousel swiper-wrapper swiper-image-stretch\" aria-live=\"off\">\n\t\t\t\t\t\t\t\t<div class=\"swiper-slide\" role=\"group\" aria-roledescription=\"slide\" aria-label=\"1 de 7\"><figure class=\"swiper-slide-inner\"><img class=\"swiper-slide-image swiper-lazy\" data-src=\"https:\/\/chilehockey.cl\/wp-content\/uploads\/2025\/08\/PAX-Assistance.png\" alt=\"PAX Assistance\" \/><div class=\"swiper-lazy-preloader\"><\/div><\/figure><\/div><div class=\"swiper-slide\" role=\"group\" aria-roledescription=\"slide\" aria-label=\"2 de 7\"><figure class=\"swiper-slide-inner\"><img class=\"swiper-slide-image swiper-lazy\" data-src=\"https:\/\/chilehockey.cl\/wp-content\/uploads\/2025\/08\/Fikagear.png\" alt=\"Fikagear\" \/><div class=\"swiper-lazy-preloader\"><\/div><\/figure><\/div><div class=\"swiper-slide\" role=\"group\" aria-roledescription=\"slide\" aria-label=\"3 de 7\"><figure class=\"swiper-slide-inner\"><img class=\"swiper-slide-image swiper-lazy\" data-src=\"https:\/\/chilehockey.cl\/wp-content\/uploads\/2025\/08\/Fever.png\" alt=\"Fever\" \/><div class=\"swiper-lazy-preloader\"><\/div><\/figure><\/div><div class=\"swiper-slide\" role=\"group\" aria-roledescription=\"slide\" aria-label=\"4 de 7\"><figure class=\"swiper-slide-inner\"><img class=\"swiper-slide-image swiper-lazy\" data-src=\"https:\/\/chilehockey.cl\/wp-content\/uploads\/2025\/08\/KinderSonrisa.png\" alt=\"KinderSonrisa\" \/><div class=\"swiper-lazy-preloader\"><\/div><\/figure><\/div><div class=\"swiper-slide\" role=\"group\" aria-roledescription=\"slide\" aria-label=\"5 de 7\"><figure class=\"swiper-slide-inner\"><img class=\"swiper-slide-image swiper-lazy\" data-src=\"https:\/\/chilehockey.cl\/wp-content\/uploads\/2025\/08\/ClinicaMeds.png\" alt=\"ClinicaMeds\" \/><div class=\"swiper-lazy-preloader\"><\/div><\/figure><\/div><div class=\"swiper-slide\" role=\"group\" aria-roledescription=\"slide\" aria-label=\"6 de 7\"><figure class=\"swiper-slide-inner\"><img class=\"swiper-slide-image swiper-lazy\" data-src=\"https:\/\/chilehockey.cl\/wp-content\/uploads\/2025\/08\/UnderArmour.png\" alt=\"UnderArmour\" \/><div class=\"swiper-lazy-preloader\"><\/div><\/figure><\/div><div class=\"swiper-slide\" role=\"group\" aria-roledescription=\"slide\" aria-label=\"7 de 7\"><figure class=\"swiper-slide-inner\"><img class=\"swiper-slide-image swiper-lazy\" data-src=\"https:\/\/chilehockey.cl\/wp-content\/uploads\/2025\/08\/Gatorade1.png\" alt=\"Gatorade\" \/><div class=\"swiper-lazy-preloader\"><\/div><\/figure><\/div>\t\t\t<\/div>\n\t\t\t\t\t\t\t\n\t\t\t\t\t\t\t\t\t<\/div>\n\t\t\t\t\t\t<\/div>\n\t\t\t\t<\/div>\n\t\t<div class=\"elementor-element elementor-element-18b8d1b e-con-full e-flex e-con e-parent\" data-id=\"18b8d1b\" data-element_type=\"container\" data-settings=\"{&quot;background_background&quot;:&quot;classic&quot;}\">\n\t\t<div class=\"elementor-element elementor-element-c3dfcd5 e-con-full e-flex e-con e-child\" data-id=\"c3dfcd5\" data-element_type=\"container\" data-settings=\"{&quot;background_background&quot;:&quot;classic&quot;}\">\n\t\t\t\t<div class=\"elementor-element elementor-element-c62c205 animated-slow elementor-invisible elementor-widget elementor-widget-heading\" data-id=\"c62c205\" data-element_type=\"widget\" data-settings=\"{&quot;_animation&quot;:&quot;slideInUp&quot;}\" data-widget_type=\"heading.default\">\n\t\t\t\t\t<h2 class=\"elementor-heading-title elementor-size-default\">PROTOCOLOS DE NOMINACI\u00d3N<\/h2>\t\t\t\t<\/div>\n\t\t\t\t<\/div>\n\t\t<div class=\"elementor-element elementor-element-cf608ce e-con-full e-flex e-con e-child\" data-id=\"cf608ce\" data-element_type=\"container\">\n\t\t<div class=\"elementor-element elementor-element-3e43e11 e-con-full e-flex e-con e-child\" data-id=\"3e43e11\" data-element_type=\"container\">\n\t\t\t\t<div class=\"elementor-element elementor-element-f76d481 elementor-widget elementor-widget-text-editor\" data-id=\"f76d481\" data-element_type=\"widget\" data-widget_type=\"text-editor.default\">\n\t\t\t\t\t\t\t\t\t<p><a href=\"https:\/\/chilehockey.cl\/wp-content\/uploads\/2025\/09\/PROTOCOLO-DE-NOMINACION-DE-DEPORTISTAS-ADULTOS-Y-JUNIOR.pdf\">PROTOCOLO DE NOMINACI\u00d3N DE DEPORTISTAS (ADULTOS Y JUNIOR)<\/a><\/p><p><a href=\"https:\/\/chilehockey.cl\/wp-content\/uploads\/2025\/09\/PROTOCOLO-DE-NOMINACION-DE-DEPORTISTAS-PARA-UNA-SELECCION-NACIONAL-ADULTA-Y-JUNIOR.pdf\">PROTOCOLO DE NOMINACI\u00d3N DE DEPORTISTAS PARA UNA SELECCI\u00d3N NACIONAL ADULTA Y JUNIOR<\/a><\/p><p><a href=\"https:\/\/chilehockey.cl\/wp-content\/uploads\/2025\/09\/PROTOCOLO-DE-NOMINACION-DE-MIEMBROS-DEL-STAFF-TECNICO-SELECCIONES-NACIONALES-ADULTOS-JUNIOR.pdf\">PROTOCOLO DE NOMINACI\u00d3N DE MIEMBROS DEL STAFF T\u00c9CNICO SELECCIONES NACIONALES &#8211; ADULTOS &#8211; JUNIOR<\/a><\/p><p><a href=\"https:\/\/chilehockey.cl\/wp-content\/uploads\/2025\/09\/PROTOCOLO-DE-NOMINACION-DEL-ENTRENADOR-DE-UNA-SELECCION-NACIONAL-ADULTA-Y-JUNIOR.pdf\">PROTOCOLO DE NOMINACION DEL ENTRENADOR DE UNA SELECCION NACIONAL ADULTA Y JUNIOR<\/a><\/p>\t\t\t\t\t\t\t\t<\/div>\n\t\t\t\t<\/div>\n\t\t\t\t<\/div>\n\t\t\t\t<\/div>\n\t\t\t\t<\/div>\n\t\t","protected":false},"excerpt":{"rendered":"<p>PROTOCOLOS DE NOMINACI\u00d3N PROTOCOLO DE NOMINACI\u00d3N DE DEPORTISTAS (ADULTOS Y JUNIOR) PROTOCOLO DE NOMINACI\u00d3N DE DEPORTISTAS PARA UNA SELECCI\u00d3N NACIONAL ADULTA Y JUNIOR PROTOCOLO DE NOMINACI\u00d3N DE MIEMBROS DEL STAFF T\u00c9CNICO SELECCIONES NACIONALES &#8211; ADULTOS &#8211; JUNIOR PROTOCOLO DE NOMINACION DEL ENTRENADOR DE UNA SELECCION NACIONAL ADULTA Y JUNIOR<\/p>\n","protected":false},"author":1,"featured_media":0,"parent":0,"menu_order":0,"comment_status":"closed","ping_status":"closed","template":"","meta":{"footnotes":""},"class_list":["post-43293","page","type-page","status-publish","hentry"],"_links":{"self":[{"href":"https:\/\/chilehockey.cl\/index.php\/wp-json\/wp\/v2\/pages\/43293","targetHints":{"allow":["GET"]}}],"collection":[{"href":"https:\/\/chilehockey.cl\/index.php\/wp-json\/wp\/v2\/pages"}],"about":[{"href":"https:\/\/chilehockey.cl\/index.php\/wp-json\/wp\/v2\/types\/page"}],"author":[{"embeddable":true,"href":"https:\/\/chilehockey.cl\/index.php\/wp-json\/wp\/v2\/users\/1"}],"replies":[{"embeddable":true,"href":"https:\/\/chilehockey.cl\/index.php\/wp-json\/wp\/v2\/comments?post=43293"}],"version-history":[{"count":10,"href":"https:\/\/chilehockey.cl\/index.php\/wp-json\/wp\/v2\/pages\/43293\/revisions"}],"predecessor-version":[{"id":45123,"href":"https:\/\/chilehockey.cl\/index.php\/wp-json\/wp\/v2\/pages\/43293\/revisions\/45123"}],"wp:attachment":[{"href":"https:\/\/chilehockey.cl\/index.php\/wp-json\/wp\/v2\/media?parent=43293"}],"curies":[{"name":"wp","href":"https:\/\/api.w.org\/{rel}","templated":true}]}}