{"id":43295,"date":"2025-09-29T17:43:00","date_gmt":"2025-09-29T17:43:00","guid":{"rendered":"https:\/\/prototipo.chilehockey.cl\/?page_id=43295"},"modified":"2026-01-29T18:49:35","modified_gmt":"2026-01-29T18:49:35","slug":"estatutos-y-reglamentos","status":"publish","type":"page","link":"https:\/\/chilehockey.cl\/index.php\/estatutos-y-reglamentos\/","title":{"rendered":"Estatutos y Reglamentos"},"content":{"rendered":"\t\t<div data-elementor-type=\"wp-page\" data-elementor-id=\"43295\" class=\"elementor elementor-43295\" data-elementor-post-type=\"page\">\n\t\t\t\t<div class=\"elementor-element elementor-element-4be92ce e-con-full e-flex e-con e-parent\" data-id=\"4be92ce\" data-element_type=\"container\" data-settings=\"{&quot;background_background&quot;:&quot;classic&quot;}\">\n\t\t\t\t<div class=\"elementor-element elementor-element-02abfd6 elementor-widget elementor-widget-image-carousel\" data-id=\"02abfd6\" data-element_type=\"widget\" data-settings=\"{&quot;slides_to_show&quot;:&quot;8&quot;,&quot;navigation&quot;:&quot;none&quot;,&quot;lazyload&quot;:&quot;yes&quot;,&quot;speed&quot;:2000,&quot;image_spacing_custom&quot;:{&quot;unit&quot;:&quot;px&quot;,&quot;size&quot;:100,&quot;sizes&quot;:[]},&quot;autoplay_speed&quot;:2000,&quot;slides_to_scroll&quot;:&quot;1&quot;,&quot;autoplay&quot;:&quot;yes&quot;,&quot;pause_on_hover&quot;:&quot;yes&quot;,&quot;pause_on_interaction&quot;:&quot;yes&quot;,&quot;infinite&quot;:&quot;yes&quot;,&quot;image_spacing_custom_tablet&quot;:{&quot;unit&quot;:&quot;px&quot;,&quot;size&quot;:&quot;&quot;,&quot;sizes&quot;:[]},&quot;image_spacing_custom_mobile&quot;:{&quot;unit&quot;:&quot;px&quot;,&quot;size&quot;:&quot;&quot;,&quot;sizes&quot;:[]}}\" data-widget_type=\"image-carousel.default\">\n\t\t\t\t\t\t\t<div class=\"elementor-image-carousel-wrapper swiper\" role=\"region\" aria-roledescription=\"carousel\" aria-label=\"Carrusel de im\u00e1genes\" dir=\"ltr\">\n\t\t\t<div class=\"elementor-image-carousel swiper-wrapper swiper-image-stretch\" aria-live=\"off\">\n\t\t\t\t\t\t\t\t<div class=\"swiper-slide\" role=\"group\" aria-roledescription=\"slide\" aria-label=\"1 de 7\"><figure class=\"swiper-slide-inner\"><img class=\"swiper-slide-image swiper-lazy\" data-src=\"https:\/\/chilehockey.cl\/wp-content\/uploads\/2025\/08\/PAX-Assistance.png\" alt=\"PAX Assistance\" \/><div class=\"swiper-lazy-preloader\"><\/div><\/figure><\/div><div class=\"swiper-slide\" role=\"group\" aria-roledescription=\"slide\" aria-label=\"2 de 7\"><figure class=\"swiper-slide-inner\"><img class=\"swiper-slide-image swiper-lazy\" data-src=\"https:\/\/chilehockey.cl\/wp-content\/uploads\/2025\/08\/Fikagear.png\" alt=\"Fikagear\" \/><div class=\"swiper-lazy-preloader\"><\/div><\/figure><\/div><div class=\"swiper-slide\" role=\"group\" aria-roledescription=\"slide\" aria-label=\"3 de 7\"><figure class=\"swiper-slide-inner\"><img class=\"swiper-slide-image swiper-lazy\" data-src=\"https:\/\/chilehockey.cl\/wp-content\/uploads\/2025\/08\/Fever.png\" alt=\"Fever\" \/><div class=\"swiper-lazy-preloader\"><\/div><\/figure><\/div><div class=\"swiper-slide\" role=\"group\" aria-roledescription=\"slide\" aria-label=\"4 de 7\"><figure class=\"swiper-slide-inner\"><img class=\"swiper-slide-image swiper-lazy\" data-src=\"https:\/\/chilehockey.cl\/wp-content\/uploads\/2025\/08\/KinderSonrisa.png\" alt=\"KinderSonrisa\" \/><div class=\"swiper-lazy-preloader\"><\/div><\/figure><\/div><div class=\"swiper-slide\" role=\"group\" aria-roledescription=\"slide\" aria-label=\"5 de 7\"><figure class=\"swiper-slide-inner\"><img class=\"swiper-slide-image swiper-lazy\" data-src=\"https:\/\/chilehockey.cl\/wp-content\/uploads\/2025\/08\/ClinicaMeds.png\" alt=\"ClinicaMeds\" \/><div class=\"swiper-lazy-preloader\"><\/div><\/figure><\/div><div class=\"swiper-slide\" role=\"group\" aria-roledescription=\"slide\" aria-label=\"6 de 7\"><figure class=\"swiper-slide-inner\"><img class=\"swiper-slide-image swiper-lazy\" data-src=\"https:\/\/chilehockey.cl\/wp-content\/uploads\/2025\/08\/UnderArmour.png\" alt=\"UnderArmour\" \/><div class=\"swiper-lazy-preloader\"><\/div><\/figure><\/div><div class=\"swiper-slide\" role=\"group\" aria-roledescription=\"slide\" aria-label=\"7 de 7\"><figure class=\"swiper-slide-inner\"><img class=\"swiper-slide-image swiper-lazy\" data-src=\"https:\/\/chilehockey.cl\/wp-content\/uploads\/2025\/08\/Gatorade1.png\" alt=\"Gatorade\" \/><div class=\"swiper-lazy-preloader\"><\/div><\/figure><\/div>\t\t\t<\/div>\n\t\t\t\t\t\t\t\n\t\t\t\t\t\t\t\t\t<\/div>\n\t\t\t\t\t\t<\/div>\n\t\t\t\t<\/div>\n\t\t<div class=\"elementor-element elementor-element-1ecb4bb5 e-flex e-con-boxed e-con e-parent\" data-id=\"1ecb4bb5\" data-element_type=\"container\" data-settings=\"{&quot;background_background&quot;:&quot;classic&quot;}\">\n\t\t\t\t\t<div class=\"e-con-inner\">\n\t\t\t\t<div class=\"elementor-element elementor-element-6e109c66 animated-slow elementor-invisible elementor-widget elementor-widget-heading\" data-id=\"6e109c66\" data-element_type=\"widget\" data-settings=\"{&quot;_animation&quot;:&quot;slideInUp&quot;}\" data-widget_type=\"heading.default\">\n\t\t\t\t\t<h2 class=\"elementor-heading-title elementor-size-default\">ESTATUTO Y REGLAMENTO<\/h2>\t\t\t\t<\/div>\n\t\t<div class=\"elementor-element elementor-element-5451f1ee e-con-full e-flex e-con e-child\" data-id=\"5451f1ee\" data-element_type=\"container\">\n\t\t\t\t<div class=\"elementor-element elementor-element-88d626f elementor-widget elementor-widget-text-editor\" data-id=\"88d626f\" data-element_type=\"widget\" data-widget_type=\"text-editor.default\">\n\t\t\t\t\t\t\t\t\t<p><a href=\"https:\/\/chilehockey.cl\/wp-content\/uploads\/2025\/09\/ESTATUTO.-FEDERACION-DEPORTIVA-NACIONAL-DE-HOCKEY-SOBRE-CESPED.pdf\">ESTATUTO. FEDERACI\u00d3N DEPORTIVA NACIONAL DE HOCKEY SOBRE CESPED<\/a><\/p><p><a href=\"https:\/\/chilehockey.cl\/wp-content\/uploads\/2025\/09\/CODIGO-DE-ETICA-Y-BUENAS-PRACTICAS.-FEDERACION-CHILENA-DE-HOCKEY-CESPED.pdf\">C\u00d3DIGO DE \u00c9TICA Y BUENAS PR\u00c1CTICAS. FEDERACI\u00d3N CHILENA DE HOCKEY C\u00c9SPED<\/a><\/p><p><a href=\"https:\/\/chilehockey.cl\/wp-content\/uploads\/2025\/09\/REGLAMENTO-DE-LA-COMISION-DE-ETICA-Y-DISCIPLINA.pdf\">REGLAMENTO DE LA COMISI\u00d3N DE \u00c9TICA Y DISCIPLINA<\/a><\/p><p><a href=\"https:\/\/chilehockey.cl\/wp-content\/uploads\/2025\/09\/REGLAMENTO-DE-AFILIACION.-FEDERACION-DEPORTIVA-NACIONAL-DE-HOCKEY-SOBRE-CESPED.pdf\">REGLAMENTO DE AFILIACI\u00d3N. FEDERACI\u00d3N DEPORTIVA NACIONAL DE HOCKEY SOBRE C\u00c9SPED<\/a><\/p>\t\t\t\t\t\t\t\t<\/div>\n\t\t\t\t<\/div>\n\t\t\t\t<div class=\"elementor-element elementor-element-7d8cc959 elementor-widget elementor-widget-text-editor\" data-id=\"7d8cc959\" data-element_type=\"widget\" data-widget_type=\"text-editor.default\">\n\t\t\t\t\t\t\t\t\t<p>*Puede estar sujeto a cambios.<\/p>\t\t\t\t\t\t\t\t<\/div>\n\t\t\t\t\t<\/div>\n\t\t\t\t<\/div>\n\t\t\t\t<\/div>\n\t\t","protected":false},"excerpt":{"rendered":"<p>ESTATUTO Y REGLAMENTO ESTATUTO. FEDERACI\u00d3N DEPORTIVA NACIONAL DE HOCKEY SOBRE CESPED C\u00d3DIGO DE \u00c9TICA Y BUENAS PR\u00c1CTICAS. FEDERACI\u00d3N CHILENA DE HOCKEY C\u00c9SPED REGLAMENTO DE LA COMISI\u00d3N DE \u00c9TICA Y DISCIPLINA REGLAMENTO DE AFILIACI\u00d3N. FEDERACI\u00d3N DEPORTIVA NACIONAL DE HOCKEY SOBRE C\u00c9SPED *Puede estar sujeto a cambios.<\/p>\n","protected":false},"author":1,"featured_media":0,"parent":0,"menu_order":0,"comment_status":"closed","ping_status":"closed","template":"","meta":{"footnotes":""},"class_list":["post-43295","page","type-page","status-publish","hentry"],"_links":{"self":[{"href":"https:\/\/chilehockey.cl\/index.php\/wp-json\/wp\/v2\/pages\/43295","targetHints":{"allow":["GET"]}}],"collection":[{"href":"https:\/\/chilehockey.cl\/index.php\/wp-json\/wp\/v2\/pages"}],"about":[{"href":"https:\/\/chilehockey.cl\/index.php\/wp-json\/wp\/v2\/types\/page"}],"author":[{"embeddable":true,"href":"https:\/\/chilehockey.cl\/index.php\/wp-json\/wp\/v2\/users\/1"}],"replies":[{"embeddable":true,"href":"https:\/\/chilehockey.cl\/index.php\/wp-json\/wp\/v2\/comments?post=43295"}],"version-history":[{"count":13,"href":"https:\/\/chilehockey.cl\/index.php\/wp-json\/wp\/v2\/pages\/43295\/revisions"}],"predecessor-version":[{"id":45126,"href":"https:\/\/chilehockey.cl\/index.php\/wp-json\/wp\/v2\/pages\/43295\/revisions\/45126"}],"wp:attachment":[{"href":"https:\/\/chilehockey.cl\/index.php\/wp-json\/wp\/v2\/media?parent=43295"}],"curies":[{"name":"wp","href":"https:\/\/api.w.org\/{rel}","templated":true}]}}