{"id":43881,"date":"2025-10-16T09:39:30","date_gmt":"2025-10-16T09:39:30","guid":{"rendered":"https:\/\/prototipo.chilehockey.cl\/?page_id=43881"},"modified":"2025-10-16T09:47:37","modified_gmt":"2025-10-16T09:47:37","slug":"nuevos-convenios","status":"publish","type":"page","link":"https:\/\/chilehockey.cl\/index.php\/nuevos-convenios\/","title":{"rendered":"Nuevos Convenios"},"content":{"rendered":"\t\t<div data-elementor-type=\"wp-page\" data-elementor-id=\"43881\" class=\"elementor elementor-43881\" data-elementor-post-type=\"page\">\n\t\t\t\t<div class=\"elementor-element elementor-element-6b20465e e-flex e-con-boxed e-con e-parent\" data-id=\"6b20465e\" data-element_type=\"container\" data-settings=\"{&quot;background_background&quot;:&quot;classic&quot;}\">\n\t\t\t\t\t<div class=\"e-con-inner\">\n\t\t\t\t<div class=\"elementor-element elementor-element-70d92720 animated-slow elementor-invisible elementor-widget elementor-widget-heading\" data-id=\"70d92720\" data-element_type=\"widget\" data-settings=\"{&quot;_animation&quot;:&quot;slideInUp&quot;}\" data-widget_type=\"heading.default\">\n\t\t\t\t\t<h2 class=\"elementor-heading-title elementor-size-default\">CONVENIOS IND<\/h2>\t\t\t\t<\/div>\n\t\t\t\t\t<\/div>\n\t\t\t\t<\/div>\n\t\t<div class=\"elementor-element elementor-element-11f2e668 e-flex e-con-boxed e-con e-parent\" data-id=\"11f2e668\" data-element_type=\"container\" data-settings=\"{&quot;background_background&quot;:&quot;classic&quot;}\">\n\t\t\t\t\t<div class=\"e-con-inner\">\n\t\t\t\t<div class=\"elementor-element elementor-element-15704117 elementor-widget elementor-widget-image-box\" data-id=\"15704117\" data-element_type=\"widget\" data-widget_type=\"image-box.default\">\n\t\t\t\t\t<div class=\"elementor-image-box-wrapper\"><div class=\"elementor-image-box-content\"><p class=\"elementor-image-box-description\">Con el objetivo de promover y expandir el hockey sobre c\u00e9sped en todo Chile, la Federaci\u00f3n Chilena de Hockey (FEHOCH) ofrece apoyo a colegios y organizaciones deportivas interesadas en implementar talleres de esta disciplina.\n\nPara iniciar un taller en tu instituci\u00f3n, debes escribir a desarrollo@fehoch.cl indicando el lugar donde se realizar\u00e1 y los horarios o d\u00edas propuestos. Si a\u00fan no los tienen definidos, podemos ayudarlos a coordinarlos.<\/p><\/div><\/div>\t\t\t\t<\/div>\n\t\t\t\t<div class=\"elementor-element elementor-element-e178e5c elementor-widget elementor-widget-image-box\" data-id=\"e178e5c\" data-element_type=\"widget\" data-widget_type=\"image-box.default\">\n\t\t\t\t\t<div class=\"elementor-image-box-wrapper\"><div class=\"elementor-image-box-content\"><p class=\"elementor-image-box-description\">Una vez acordados estos detalles, se designar\u00e1 un entrenador para el taller (si la instituci\u00f3n no cuenta con uno).\nEl convenio establece que la instituci\u00f3n se hace responsable de los honorarios del entrenador, mientras que FEHOCH entrega los implementos deportivos necesarios: 25 palos y 25 pelotas. Adem\u00e1s, ofrecemos becas de capacitaci\u00f3n para los profesores de las instituciones que se integren a este programa.<\/p><\/div><\/div>\t\t\t\t<\/div>\n\t\t\t\t<div class=\"elementor-element elementor-element-5ba3b491 elementor-widget elementor-widget-image-box\" data-id=\"5ba3b491\" data-element_type=\"widget\" data-widget_type=\"image-box.default\">\n\t\t\t\t\t<div class=\"elementor-image-box-wrapper\"><div class=\"elementor-image-box-content\"><p class=\"elementor-image-box-description\">El material entregado se otorga en calidad de pr\u00e9stamo: permanece en la instituci\u00f3n mientras el taller est\u00e9 activo y debe ser devuelto si este deja de funcionar. Los implementos se facilitan de marzo a noviembre, aunque pueden solicitarse fuera de ese per\u00edodo previo aviso.\n\nSi te interesa llevar el hockey a tu comunidad, escr\u00edbenos y coordinaremos juntos c\u00f3mo hacerlo posible.\nEstamos disponibles para resolver cualquier duda o consulta.<\/p><\/div><\/div>\t\t\t\t<\/div>\n\t\t\t\t\t<\/div>\n\t\t\t\t<\/div>\n\t\t\t\t<\/div>\n\t\t","protected":false},"excerpt":{"rendered":"<p>CONVENIOS IND Con el objetivo de promover y expandir el hockey sobre c\u00e9sped en todo Chile, la Federaci\u00f3n Chilena de Hockey (FEHOCH) ofrece apoyo a colegios y organizaciones deportivas interesadas en implementar talleres de esta disciplina. Para iniciar un taller en tu instituci\u00f3n, debes escribir a desarrollo@fehoch.cl indicando el lugar donde se realizar\u00e1 y los [&hellip;]<\/p>\n","protected":false},"author":1,"featured_media":0,"parent":0,"menu_order":0,"comment_status":"closed","ping_status":"closed","template":"","meta":{"footnotes":""},"class_list":["post-43881","page","type-page","status-publish","hentry"],"_links":{"self":[{"href":"https:\/\/chilehockey.cl\/index.php\/wp-json\/wp\/v2\/pages\/43881","targetHints":{"allow":["GET"]}}],"collection":[{"href":"https:\/\/chilehockey.cl\/index.php\/wp-json\/wp\/v2\/pages"}],"about":[{"href":"https:\/\/chilehockey.cl\/index.php\/wp-json\/wp\/v2\/types\/page"}],"author":[{"embeddable":true,"href":"https:\/\/chilehockey.cl\/index.php\/wp-json\/wp\/v2\/users\/1"}],"replies":[{"embeddable":true,"href":"https:\/\/chilehockey.cl\/index.php\/wp-json\/wp\/v2\/comments?post=43881"}],"version-history":[{"count":4,"href":"https:\/\/chilehockey.cl\/index.php\/wp-json\/wp\/v2\/pages\/43881\/revisions"}],"predecessor-version":[{"id":43896,"href":"https:\/\/chilehockey.cl\/index.php\/wp-json\/wp\/v2\/pages\/43881\/revisions\/43896"}],"wp:attachment":[{"href":"https:\/\/chilehockey.cl\/index.php\/wp-json\/wp\/v2\/media?parent=43881"}],"curies":[{"name":"wp","href":"https:\/\/api.w.org\/{rel}","templated":true}]}}